{"id":10,"date":"2021-08-12T21:58:15","date_gmt":"2021-08-13T02:58:15","guid":{"rendered":"https:\/\/herculeswaste.com\/?page_id=10"},"modified":"2021-09-30T10:27:51","modified_gmt":"2021-09-30T15:27:51","slug":"usos-del-contenedor-de-basura","status":"publish","type":"page","link":"https:\/\/herculeswaste.com\/es\/usos-del-contenedor-de-basura\/","title":{"rendered":"Usos del contenedor de basura"},"content":{"rendered":"<h2 class=\"ql-align-center\">\u00a1Te lo ponemos f\u00e1cil!<\/h2>\n<p class=\"ql-align-center\">Ofrecemos contenedores de basura rodantes para proyectos residenciales, sitios de construcci\u00f3n y limpiezas comerciales. Nuestro amable personal est\u00e1 dedicado a ayudarlo a encontrar el contenedor de basura del tama\u00f1o perfecto para su proyecto o ayudarlo a cumplir con todos los requisitos necesarios para obtener un permiso necesario para colocar legalmente uno en una propiedad p\u00fablica. Somos expertos en colocar correctamente el contenedor de basura en el sitio seleccionado. Perm\u00edtanos manejar todas sus necesidades de contenedor de basura de principio a fin.<\/p>\n<p class=\"ql-align-center\"><strong>Tipos de proyectos para contenedores rodantes:<\/strong> Remoci\u00f3n de escombros de construcci\u00f3n, poda de \u00e1rboles y limpieza de jardines, demolici\u00f3n y renovaciones de viviendas.<\/p>\n<p class=\"ql-align-center\">La alternativa asequible al alquiler de contenedores de basura es que un servicio de eliminaci\u00f3n de basura recoja sus materiales. Si est\u00e1 pensando en remodelar un \u00e1rea o desea despejar espacio en el garaje, cobertizo o \u00e1tico, perm\u00edtanos preocuparnos por qu\u00e9 hacer con sus art\u00edculos antiguos. \u00a1Lo tomamos todo!<\/p>\n<p class=\"ql-align-center\">Utilice nuestro conveniente formulario en l\u00ednea y un especialista en alquiler de contenedores de basura profesional estar\u00e1 listo para ayudarlo con los precios de acuerdo con sus necesidades. Los contenedores de basura se entregan el d\u00eda de su elecci\u00f3n, lo antes posible. Nuestra flota de camiones bien mantenida recoger\u00e1 su contenedor de basura y lo colocar\u00e1 en el lugar que usted especifique.<\/p>","protected":false},"excerpt":{"rendered":"<p>We make it easy! We provide roll-off dumpsters for residential projects, construction sites, and commercial cleanouts. Our friendly staff is dedicated to helping you find the perfect sized dumpster for your project or helping you fulfill all the necessary requirements to obtain a permit needed in order to lawfully place one on public property. We [&hellip;]<\/p>\n","protected":false},"author":1,"featured_media":110,"parent":0,"menu_order":0,"comment_status":"closed","ping_status":"closed","template":"","meta":{"_acf_changed":false,"_seopress_robots_primary_cat":"","_seopress_titles_title":"Affordable Roll-Off Dumpster Rental for Construction, Demolition, and Yard Cleanup","_seopress_titles_desc":"Get the perfect sized dumpster for your project and fulfill permit requirements. We handle everything from start to finish. Contact us for pricing and convenient delivery!","_seopress_robots_index":"","footnotes":""},"class_list":["post-10","page","type-page","status-publish","has-post-thumbnail","hentry"],"acf":[],"_links":{"self":[{"href":"https:\/\/herculeswaste.com\/es\/wp-json\/wp\/v2\/pages\/10","targetHints":{"allow":["GET"]}}],"collection":[{"href":"https:\/\/herculeswaste.com\/es\/wp-json\/wp\/v2\/pages"}],"about":[{"href":"https:\/\/herculeswaste.com\/es\/wp-json\/wp\/v2\/types\/page"}],"author":[{"embeddable":true,"href":"https:\/\/herculeswaste.com\/es\/wp-json\/wp\/v2\/users\/1"}],"replies":[{"embeddable":true,"href":"https:\/\/herculeswaste.com\/es\/wp-json\/wp\/v2\/comments?post=10"}],"version-history":[{"count":0,"href":"https:\/\/herculeswaste.com\/es\/wp-json\/wp\/v2\/pages\/10\/revisions"}],"wp:featuredmedia":[{"embeddable":true,"href":"https:\/\/herculeswaste.com\/es\/wp-json\/wp\/v2\/media\/110"}],"wp:attachment":[{"href":"https:\/\/herculeswaste.com\/es\/wp-json\/wp\/v2\/media?parent=10"}],"curies":[{"name":"gracias","href":"https:\/\/api.w.org\/{rel}","templated":true}]}}