{"id":13,"date":"2021-08-12T21:59:34","date_gmt":"2021-08-13T02:59:34","guid":{"rendered":"https:\/\/herculeswaste.com\/?page_id=13"},"modified":"2023-07-11T11:23:02","modified_gmt":"2023-07-11T16:23:02","slug":"limpieza-del-garaje","status":"publish","type":"page","link":"https:\/\/herculeswaste.com\/es\/limpieza-del-garaje\/","title":{"rendered":"Limpieza de garaje"},"content":{"rendered":"<h2 class=\"ql-align-center\" style=\"text-align: center;\">A menudo encontrar\u00e1 que un garaje es la parte m\u00e1s desordenada de su hogar.<\/h2>\n<p class=\"ql-align-center\" style=\"text-align: center;\"><strong>Parece que nadie lo usa<\/strong>, pero las cosas se acumulan all\u00ed de todos modos. Es tan dif\u00edcil limpiar este espacio cada vez. A menudo usamos esta habitaci\u00f3n simplemente como un basurero para art\u00edculos que no sabemos d\u00f3nde m\u00e1s poner en nuestros hogares. Obviamente, esto es una gran p\u00e9rdida de espacio que de otro modo podr\u00eda usarse para actividades m\u00e1s productivas como, ya sabes, estacionar su autom\u00f3vil.<\/p>\n<p class=\"ql-align-center\" style=\"text-align: center;\"><strong>La \u00fanica forma de hacer que su garaje sea realmente \u00fatil es limpiarlo por completo.<\/strong> Por eso ofrecemos nuestros servicios profesionales de limpieza de garajes residenciales.<\/p>\n<p class=\"ql-align-center\" style=\"text-align: center;\">Si no tiene el tiempo, la energ\u00eda o el deseo de hacerlo usted mismo, estaremos encantados de realizar esta tarea por usted. Simplemente ll\u00e1menos e iremos a su hogar y haremos todo, desde desmontar muebles viejos hasta deshacerse de electrodom\u00e9sticos rotos. Es tan simple como eso.<\/p>\n<p class=\"ql-align-center\" style=\"text-align: center;\">Si tiene un garaje, y la mayor\u00eda de la gente lo tiene, es probable que est\u00e9 repleto de art\u00edculos que no deber\u00edan almacenarse all\u00ed. Tal vez ni siquiera sepa qu\u00e9 hay all\u00ed o c\u00f3mo comenzar a despejar este espacio. Tan pronto como vengamos y hagamos el trabajo por usted, ver\u00e1 cu\u00e1nto mejor<\/p>","protected":false},"excerpt":{"rendered":"<p>Often you will find that a garage is the most cluttered part of your home. It seems like nobody ever uses it, but things collect there anyway. It&#8217;s so hard to clean out this space every time. Often we use this room simply as a dumping ground for items we don&#8217;t know where else to [&hellip;]<\/p>\n","protected":false},"author":1,"featured_media":124,"parent":0,"menu_order":0,"comment_status":"closed","ping_status":"closed","template":"","meta":{"_acf_changed":false,"_seopress_robots_primary_cat":"","_seopress_titles_title":"Professional Residential Garage Cleaning Services - Clear Out Your Cluttered Garage Today","_seopress_titles_desc":"Don&#039;t waste any more space! Let us clean out your cluttered garage, from disassembling old furniture to disposing of broken appliances. Call us now!","_seopress_robots_index":"","footnotes":""},"class_list":["post-13","page","type-page","status-publish","has-post-thumbnail","hentry"],"acf":[],"_links":{"self":[{"href":"https:\/\/herculeswaste.com\/es\/wp-json\/wp\/v2\/pages\/13","targetHints":{"allow":["GET"]}}],"collection":[{"href":"https:\/\/herculeswaste.com\/es\/wp-json\/wp\/v2\/pages"}],"about":[{"href":"https:\/\/herculeswaste.com\/es\/wp-json\/wp\/v2\/types\/page"}],"author":[{"embeddable":true,"href":"https:\/\/herculeswaste.com\/es\/wp-json\/wp\/v2\/users\/1"}],"replies":[{"embeddable":true,"href":"https:\/\/herculeswaste.com\/es\/wp-json\/wp\/v2\/comments?post=13"}],"version-history":[{"count":0,"href":"https:\/\/herculeswaste.com\/es\/wp-json\/wp\/v2\/pages\/13\/revisions"}],"wp:featuredmedia":[{"embeddable":true,"href":"https:\/\/herculeswaste.com\/es\/wp-json\/wp\/v2\/media\/124"}],"wp:attachment":[{"href":"https:\/\/herculeswaste.com\/es\/wp-json\/wp\/v2\/media?parent=13"}],"curies":[{"name":"gracias","href":"https:\/\/api.w.org\/{rel}","templated":true}]}}