{"id":259,"date":"2022-01-05T16:17:19","date_gmt":"2022-01-05T22:17:19","guid":{"rendered":"https:\/\/herculeswaste.com\/?page_id=259"},"modified":"2022-01-05T16:17:19","modified_gmt":"2022-01-05T22:17:19","slug":"terminos-y-condiciones","status":"publish","type":"page","link":"https:\/\/herculeswaste.com\/es\/terminos-y-condiciones\/","title":{"rendered":"T\u00e9rminos y condiciones"},"content":{"rendered":"<p>\u00daltima actualizaci\u00f3n: 5 de enero de 2022<\/p>\n<p>Lea estos T\u00e9rminos de uso (&quot;T\u00e9rminos&quot;, &quot;T\u00e9rminos de uso&quot;) detenidamente antes de utilizar el sitio web https:\/\/herculeswaste.com (el &quot;Servicio&quot;) operado por Hercules Dumpster Rentals (&quot;nosotros&quot;, &quot;nosotros&quot; o &quot;nuestro&quot;).<\/p>\n<p>Su acceso y uso del Servicio est\u00e1 condicionado a su aceptaci\u00f3n y cumplimiento de estos T\u00e9rminos. Estos T\u00e9rminos se aplican a todos los visitantes, usuarios y otras personas que acceden o utilizan el Servicio.<\/p>\n<p>Al acceder o utilizar el Servicio, usted acepta estar sujeto a estos T\u00e9rminos. Si no est\u00e1 de acuerdo con alguna parte de los t\u00e9rminos, no podr\u00e1 acceder al Servicio.<\/p>\n<h2>Propiedad intelectual<\/h2>\n<p>El Servicio y su contenido, caracter\u00edsticas y funcionalidad originales son y seguir\u00e1n siendo propiedad exclusiva de Hercules Dumpster Rentals y sus licenciantes.<\/p>\n<h2>Enlaces a otros sitios web<\/h2>\n<p>Nuestro Servicio puede contener enlaces a sitios web o servicios de terceros que no son propiedad ni est\u00e1n controlados por Hercules Dumpster Rentals.<\/p>\n<p>Hercules Dumpster Rentals no tiene control ni asume ninguna responsabilidad por el contenido, las pol\u00edticas de privacidad o las pr\u00e1cticas de los sitios web o servicios de terceros. Adem\u00e1s, reconoce y acepta que Hercules Dumpster Rentals no ser\u00e1 responsable, directa o indirectamente, de ning\u00fan da\u00f1o o p\u00e9rdida causados o presuntamente causados por o en relaci\u00f3n con el uso o la confianza en dicho contenido, bienes o servicios disponibles en o a trav\u00e9s de dichos sitios web o servicios.<\/p>\n<p>Le recomendamos encarecidamente que lea los t\u00e9rminos y condiciones y las pol\u00edticas de privacidad de cualquier sitio web o servicio de terceros que visite.<\/p>\n<h2>Terminaci\u00f3n<\/h2>\n<p>Podemos rescindir o suspender el acceso a nuestro Servicio de inmediato, sin previo aviso ni responsabilidad, por cualquier motivo, incluido, entre otros, si incumple los T\u00e9rminos.<\/p>\n<p>Todas las disposiciones de los T\u00e9rminos que, por su naturaleza, deban sobrevivir a la terminaci\u00f3n sobrevivir\u00e1n a la terminaci\u00f3n, incluidas, entre otras, las disposiciones de propiedad, las exenciones de garant\u00eda, la indemnizaci\u00f3n y las limitaciones de responsabilidad.<\/p>\n<h2>Descargo de responsabilidad<\/h2>\n<p>Su uso del Servicio es bajo su propio riesgo. El Servicio se proporciona &quot;TAL CUAL&quot; y &quot;SEG\u00daN DISPONIBILIDAD&quot;. El Servicio se proporciona sin garant\u00edas de ning\u00fan tipo, ya sean expresas o impl\u00edcitas, incluidas, entre otras, garant\u00edas impl\u00edcitas de comerciabilidad, idoneidad para un prop\u00f3sito particular, no infracci\u00f3n o curso de desempe\u00f1o.<\/p>\n<h2>Ley que rige<\/h2>\n<p>Estos T\u00e9rminos se regir\u00e1n e interpretar\u00e1n de acuerdo con las leyes de los Estados Unidos sin tener en cuenta sus disposiciones sobre conflictos de leyes.<\/p>\n<p>Nuestra incapacidad para hacer cumplir cualquier derecho o disposici\u00f3n de estos T\u00e9rminos no se considerar\u00e1 una renuncia a esos derechos. Si alguna disposici\u00f3n de estos T\u00e9rminos se considera inv\u00e1lida o inaplicable por un tribunal, las disposiciones restantes de estos T\u00e9rminos permanecer\u00e1n en vigor. Estos T\u00e9rminos constituyen el acuerdo completo entre nosotros con respecto a nuestro Servicio, y reemplazan y reemplazan cualquier acuerdo anterior que podamos tener entre nosotros con respecto al Servicio.<\/p>\n<h2>Cambios<\/h2>\n<p>Nos reservamos el derecho, a nuestro exclusivo criterio, de modificar o reemplazar estos T\u00e9rminos en cualquier momento. Si una revisi\u00f3n es material, intentaremos proporcionar un aviso de al menos 30 d\u00edas antes de que entren en vigencia los nuevos t\u00e9rminos. Lo que constituye un cambio material se determinar\u00e1 a nuestro exclusivo criterio.<\/p>\n<p>Al continuar accediendo o utilizando nuestro Servicio despu\u00e9s de que esas revisiones entren en vigencia, usted acepta estar sujeto a los t\u00e9rminos revisados. Si no est\u00e1 de acuerdo con los nuevos t\u00e9rminos, deje de usar el Servicio.<\/p>\n<h2>Cont\u00e1ctenos<\/h2>\n<p>Si tiene alguna pregunta sobre estos T\u00e9rminos, comun\u00edquese con nosotros.<\/p>","protected":false},"excerpt":{"rendered":"<p>Last updated: January 5, 2022 Please read these Terms of Use (\u201cTerms\u201d, \u201cTerms of Use\u201d) carefully before using the https:\/\/herculeswaste.com website (the \u201cService\u201d) operated by Hercules Dumpster Rentals (\u201cus\u201d, \u201cwe\u201d, or \u201cour\u201d). Your access to and use of the Service is conditioned on your acceptance of and compliance with these Terms. These Terms apply to [&hellip;]<\/p>\n","protected":false},"author":1,"featured_media":0,"parent":0,"menu_order":0,"comment_status":"closed","ping_status":"closed","template":"","meta":{"_acf_changed":false,"_seopress_robots_primary_cat":"","_seopress_titles_title":"Terms of Use for Hercules Dumpster Rentals: Intellectual Property, Links to Other Websites, Termination, and Governing Law","_seopress_titles_desc":"Read our Terms of Use carefully before using our service. We provide reliable dumpster rentals and protect our intellectual property. Find out more.","_seopress_robots_index":"","footnotes":""},"class_list":["post-259","page","type-page","status-publish","hentry"],"acf":[],"_links":{"self":[{"href":"https:\/\/herculeswaste.com\/es\/wp-json\/wp\/v2\/pages\/259","targetHints":{"allow":["GET"]}}],"collection":[{"href":"https:\/\/herculeswaste.com\/es\/wp-json\/wp\/v2\/pages"}],"about":[{"href":"https:\/\/herculeswaste.com\/es\/wp-json\/wp\/v2\/types\/page"}],"author":[{"embeddable":true,"href":"https:\/\/herculeswaste.com\/es\/wp-json\/wp\/v2\/users\/1"}],"replies":[{"embeddable":true,"href":"https:\/\/herculeswaste.com\/es\/wp-json\/wp\/v2\/comments?post=259"}],"version-history":[{"count":0,"href":"https:\/\/herculeswaste.com\/es\/wp-json\/wp\/v2\/pages\/259\/revisions"}],"wp:attachment":[{"href":"https:\/\/herculeswaste.com\/es\/wp-json\/wp\/v2\/media?parent=259"}],"curies":[{"name":"gracias","href":"https:\/\/api.w.org\/{rel}","templated":true}]}}