{"id":28,"date":"2021-08-13T19:22:40","date_gmt":"2021-08-13T19:22:40","guid":{"rendered":"https:\/\/herculeswaste.com\/?page_id=28"},"modified":"2023-12-01T16:45:17","modified_gmt":"2023-12-01T22:45:17","slug":"opiniones","status":"publish","type":"page","link":"https:\/\/herculeswaste.com\/es\/opiniones\/","title":{"rendered":"Rese\u00f1as"},"content":{"rendered":"<div data-elementor-type=\"wp-page\" data-elementor-id=\"28\" class=\"elementor elementor-28\" data-elementor-post-type=\"page\">\n\t\t\t\t\t\t<section class=\"elementor-section elementor-top-section elementor-element elementor-element-4220a1c elementor-section-full_width lazyload elementor-section-height-default elementor-section-height-default\" data-id=\"4220a1c\" data-element_type=\"section\" data-e-type=\"section\">\n\t\t\t\t\t\t<div class=\"elementor-container elementor-column-gap-no\">\n\t\t\t\t\t<div class=\"elementor-column elementor-col-100 elementor-top-column elementor-element elementor-element-abe319c\" data-id=\"abe319c\" data-element_type=\"column\" data-e-type=\"column\">\n\t\t\t<div class=\"elementor-widget-wrap elementor-element-populated\">\n\t\t\t\t\t\t<div class=\"elementor-element elementor-element-64c1db1 elementor-widget elementor-widget-template\" data-id=\"64c1db1\" data-element_type=\"widget\" data-e-type=\"widget\" data-widget_type=\"template.default\">\n\t\t\t\t<div class=\"elementor-widget-container\">\n\t\t\t\t\t\t\t<div class=\"elementor-template\">\n\t\t\t\t\t<div data-elementor-type=\"section\" data-elementor-id=\"70\" class=\"elementor elementor-70\" data-elementor-post-type=\"elementor_library\">\n\t\t\t\t\t<section class=\"elementor-section elementor-top-section elementor-element elementor-element-e9e8f6e elementor-section-full_width elementor-section-height-default elementor-section-height-default\" data-id=\"e9e8f6e\" data-element_type=\"section\" data-e-type=\"section\">\n\t\t\t\t\t\t<div class=\"elementor-container elementor-column-gap-no\">\n\t\t\t\t\t<div class=\"elementor-column elementor-col-100 elementor-top-column elementor-element elementor-element-483cc5d\" data-id=\"483cc5d\" data-element_type=\"column\" data-e-type=\"column\">\n\t\t\t<div class=\"elementor-widget-wrap elementor-element-populated\">\n\t\t\t\t\t\t<div class=\"elementor-element elementor-element-e1029bd elementor-widget elementor-widget-html\" data-id=\"e1029bd\" data-element_type=\"widget\" data-e-type=\"widget\" data-widget_type=\"html.default\">\n\t\t\t\t<div class=\"elementor-widget-container\">\n\t\t\t\t\t<script src=\"https:\/\/static.elfsight.com\/platform\/platform.js\" data-use-service-core defer><\/script>\n<div class=\"elfsight-app-ddf1bbdc-0d48-4343-bf31-1681b33e2e51\" data-elfsight-app-lazy><\/div> \t\t\t\t<\/div>\n\t\t\t\t<\/div>\n\t\t\t\t\t<\/div>\n\t\t<\/div>\n\t\t\t\t\t<\/div>\n\t\t<\/section>\n\t\t\t\t<\/div>\n\t\t\t\t<\/div>\n\t\t\t\t\t\t<\/div>\n\t\t\t\t<\/div>\n\t\t\t\t\t<\/div>\n\t\t<\/div>\n\t\t\t\t\t<\/div>\n\t\t<\/section>\n\t\t\t\t<section class=\"elementor-section elementor-top-section elementor-element elementor-element-6c99550 elementor-section-full_width elementor-section-content-middle elementor-section-stretched elementor-section-height-default elementor-section-height-default\" data-id=\"6c99550\" data-element_type=\"section\" data-e-type=\"section\" data-settings=\"{&quot;stretch_section&quot;:&quot;section-stretched&quot;}\">\n\t\t\t\t\t\t<div class=\"elementor-container elementor-column-gap-no\">\n\t\t\t\t\t<div class=\"elementor-column elementor-col-50 elementor-top-column elementor-element elementor-element-a78f759\" data-id=\"a78f759\" data-element_type=\"column\" data-e-type=\"column\" data-settings=\"{&quot;background_background&quot;:&quot;classic&quot;}\">\n\t\t\t<div class=\"elementor-widget-wrap elementor-element-populated\">\n\t\t\t\t\t\t<div class=\"elementor-element elementor-element-8b58348 elementor-widget elementor-widget-heading\" data-id=\"8b58348\" data-element_type=\"widget\" data-e-type=\"widget\" data-widget_type=\"heading.default\">\n\t\t\t\t<div class=\"elementor-widget-container\">\n\t\t\t\t\t<h2 class=\"elementor-heading-title elementor-size-default\">Sirviendo a Galveston a Houston, TX y las ciudades circundantes<\/h2>\t\t\t\t<\/div>\n\t\t\t\t<\/div>\n\t\t\t\t<div class=\"elementor-element elementor-element-fa5e47a elementor-widget elementor-widget-text-editor\" data-id=\"fa5e47a\" data-element_type=\"widget\" data-e-type=\"widget\" data-widget_type=\"text-editor.default\">\n\t\t\t\t<div class=\"elementor-widget-container\">\n\t\t\t\t\t\t\t\t\t<p>Brindamos alquiler de contenedores rodantes a las siguientes ciudades:<\/p>\t\t\t\t\t\t\t\t<\/div>\n\t\t\t\t<\/div>\n\t\t\t\t<div class=\"elementor-element elementor-element-61d2462 elementor-widget elementor-widget-text-editor\" data-id=\"61d2462\" data-element_type=\"widget\" data-e-type=\"widget\" data-widget_type=\"text-editor.default\">\n\t\t\t\t<div class=\"elementor-widget-container\">\n\t\t\t\t\t\t\t\t\t<p>Algoa, TX<br \/>Alvin, Texas<br \/>Angleton, Texas<br \/>ciudad de la playa, tx<br \/>Danbury, Texas<br \/>Dickinson, Texas<br \/>Fresno, Texas<br \/>Galveston, Texas.<br \/>Hitchcock, Texas<br \/>Houston, TX<br \/>Kemah, Texas<br \/>Jamaica Beach, Texas<br \/>La Porte, TX<br \/>Ciudad de la liga, TX<br \/>Liverpool, Texas<br \/>Pearland, Texas<br \/>San Le\u00f3n, TX<br \/>Santa Fe, Texas<br \/>Ciudad de Texas, TX<br \/>Webster, Texas<\/p>\t\t\t\t\t\t\t\t<\/div>\n\t\t\t\t<\/div>\n\t\t\t\t<div class=\"elementor-element elementor-element-2f604d6 elementor-widget elementor-widget-text-editor\" data-id=\"2f604d6\" data-element_type=\"widget\" data-e-type=\"widget\" data-widget_type=\"text-editor.default\">\n\t\t\t\t<div class=\"elementor-widget-container\">\n\t\t\t\t\t\t\t\t\t<p>Llama\u00a0<strong><a class=\"clicktocall\" href=\"tel:+1-832-580-9697\">(832) 580-9697<\/a><br \/><\/strong>Correo electr\u00f3nico <a href=\"mailto:quotes@herculeswaste.com\"><strong>quotes@herculeswaste.com<\/strong><\/a><br \/>para una cotizaci\u00f3n instant\u00e1nea!<\/p>\t\t\t\t\t\t\t\t<\/div>\n\t\t\t\t<\/div>\n\t\t\t\t<div class=\"elementor-element elementor-element-87e26f9 elementor-align-center elementor-tablet-align-center elementor-widget elementor-widget-button\" data-id=\"87e26f9\" data-element_type=\"widget\" data-e-type=\"widget\" data-widget_type=\"button.default\">\n\t\t\t\t<div class=\"elementor-widget-container\">\n\t\t\t\t\t\t\t\t\t<div class=\"elementor-button-wrapper\">\n\t\t\t\t\t<a class=\"elementor-button elementor-button-link elementor-size-sm\" href=\"https:\/\/herculeswaste.com\/es\/via-de-servicio\/\">\n\t\t\t\t\t\t<span class=\"elementor-button-content-wrapper\">\n\t\t\t\t\t\t\t\t\t<span class=\"elementor-button-text\">V\u00eda de Serv\u00edcio<\/span>\n\t\t\t\t\t<\/span>\n\t\t\t\t\t<\/a>\n\t\t\t\t<\/div>\n\t\t\t\t\t\t\t\t<\/div>\n\t\t\t\t<\/div>\n\t\t\t\t\t<\/div>\n\t\t<\/div>\n\t\t\t\t<div class=\"elementor-column elementor-col-50 elementor-top-column elementor-element elementor-element-32889f3\" data-id=\"32889f3\" data-element_type=\"column\" data-e-type=\"column\">\n\t\t\t<div class=\"elementor-widget-wrap elementor-element-populated\">\n\t\t\t\t\t\t<div class=\"elementor-element elementor-element-b21d540 elementor-widget elementor-widget-image\" data-id=\"b21d540\" data-element_type=\"widget\" data-e-type=\"widget\" data-widget_type=\"image.default\">\n\t\t\t\t<div class=\"elementor-widget-container\">\n\t\t\t\t\t\t\t\t\t\t\t\t\t\t\t\t<a href=\"http:\/\/service\">\n\t\t\t\t\t\t\t<img fetchpriority=\"high\" decoding=\"async\" width=\"900\" height=\"852\" src=\"https:\/\/herculeswaste.com\/wp-content\/uploads\/Hercules-Service-Area-Oct-23-Map.jpg\" class=\"attachment-full size-full wp-image-8364\" alt=\"\u00c1rea de servicio para Hercules Dumpster Rentals en Dickinson TX\" srcset=\"https:\/\/herculeswaste.com\/wp-content\/uploads\/Hercules-Service-Area-Oct-23-Map.jpg 900w, https:\/\/herculeswaste.com\/wp-content\/uploads\/Hercules-Service-Area-Oct-23-Map-300x284.jpg 300w, https:\/\/herculeswaste.com\/wp-content\/uploads\/Hercules-Service-Area-Oct-23-Map-150x142.jpg 150w, https:\/\/herculeswaste.com\/wp-content\/uploads\/Hercules-Service-Area-Oct-23-Map-768x727.jpg 768w, https:\/\/herculeswaste.com\/wp-content\/uploads\/Hercules-Service-Area-Oct-23-Map-13x12.jpg 13w\" sizes=\"(max-width: 900px) 100vw, 900px\" \/>\t\t\t\t\t\t\t\t<\/a>\n\t\t\t\t\t\t\t\t\t\t\t\t\t\t\t<\/div>\n\t\t\t\t<\/div>\n\t\t\t\t\t<\/div>\n\t\t<\/div>\n\t\t\t\t\t<\/div>\n\t\t<\/section>\n\t\t\t\t<\/div>","protected":false},"excerpt":{"rendered":"<p>Sirviendo de Galveston a Houston, TX y las ciudades circundantes Ofrecemos alquiler de contenedores de basura rodantes a las siguientes ciudades: Algoa, TXAlvin, TXAngleton, TXBeach City, TXDanbury, TXDickinson, TXFresno, TXGalveston, TX.Hitchcock, TXHouston, TXKemah, TXJamaica Beach, TXLa Porte , TXLeague City, TXLiverpool, TXPearland, TXSan Leon, TXSanta Fe, TXTexas City, TXWebster, TX Llame al (832) 580-9697Env\u00ede un correo electr\u00f3nico a quotes@herculeswaste.com para obtener una cotizaci\u00f3n instant\u00e1nea. V\u00eda de Serv\u00edcio<\/p>","protected":false},"author":1,"featured_media":0,"parent":0,"menu_order":0,"comment_status":"closed","ping_status":"closed","template":"","meta":{"_acf_changed":false,"_seopress_robots_primary_cat":"","_seopress_titles_title":"Top Reviews of Hercules Waste: Discover Why Customers Love Their Services","_seopress_titles_desc":"Discover trusted reviews and ratings for Hercules Waste Management Services. Get insights from satisfied customers on our exceptional waste management solutions.","_seopress_robots_index":"","footnotes":""},"class_list":["post-28","page","type-page","status-publish","hentry"],"acf":[],"_links":{"self":[{"href":"https:\/\/herculeswaste.com\/es\/wp-json\/wp\/v2\/pages\/28","targetHints":{"allow":["GET"]}}],"collection":[{"href":"https:\/\/herculeswaste.com\/es\/wp-json\/wp\/v2\/pages"}],"about":[{"href":"https:\/\/herculeswaste.com\/es\/wp-json\/wp\/v2\/types\/page"}],"author":[{"embeddable":true,"href":"https:\/\/herculeswaste.com\/es\/wp-json\/wp\/v2\/users\/1"}],"replies":[{"embeddable":true,"href":"https:\/\/herculeswaste.com\/es\/wp-json\/wp\/v2\/comments?post=28"}],"version-history":[{"count":0,"href":"https:\/\/herculeswaste.com\/es\/wp-json\/wp\/v2\/pages\/28\/revisions"}],"wp:attachment":[{"href":"https:\/\/herculeswaste.com\/es\/wp-json\/wp\/v2\/media?parent=28"}],"curies":[{"name":"gracias","href":"https:\/\/api.w.org\/{rel}","templated":true}]}}