{"id":301,"date":"2023-03-24T13:35:31","date_gmt":"2023-03-24T18:35:31","guid":{"rendered":"https:\/\/herculeswaste.com\/?page_id=301"},"modified":"2023-03-24T13:43:27","modified_gmt":"2023-03-24T18:43:27","slug":"usos-comerciales-del-contenedor-de-basura","status":"publish","type":"page","link":"https:\/\/herculeswaste.com\/es\/usos-del-contenedor-de-basura\/usos-comerciales-del-contenedor-de-basura\/","title":{"rendered":"Usos comerciales de contenedores de basura"},"content":{"rendered":"<div data-elementor-type=\"wp-page\" data-elementor-id=\"301\" class=\"elementor elementor-301\" data-elementor-post-type=\"page\">\n\t\t\t\t\t\t<section class=\"elementor-section elementor-top-section elementor-element elementor-element-79085750 elementor-section-boxed elementor-section-height-default elementor-section-height-default\" data-id=\"79085750\" data-element_type=\"section\" data-e-type=\"section\">\n\t\t\t\t\t\t<div class=\"elementor-container elementor-column-gap-default\">\n\t\t\t\t\t<div class=\"elementor-column elementor-col-100 elementor-top-column elementor-element elementor-element-3a1d760d\" data-id=\"3a1d760d\" data-element_type=\"column\" data-e-type=\"column\">\n\t\t\t<div class=\"elementor-widget-wrap elementor-element-populated\">\n\t\t\t\t\t\t<div class=\"elementor-element elementor-element-174c6ef0 elementor-widget elementor-widget-text-editor\" data-id=\"174c6ef0\" data-element_type=\"widget\" data-e-type=\"widget\" data-widget_type=\"text-editor.default\">\n\t\t\t\t<div class=\"elementor-widget-container\">\n\t\t\t\t\t\t\t\t\t<h2>Proveemos contenedores para proyectos comerciales<\/h2>\n<p>En Hercules Waste, entendemos las necesidades de las empresas y sabemos que los proyectos comerciales a menudo requieren una soluci\u00f3n de gesti\u00f3n de residuos fiable. Es por eso que ofrecemos contenedores de basura para clientes comerciales.<\/p>\n<p>Nuestros contenedores de basura est\u00e1n disponibles en todos los tama\u00f1os para cumplir con cualquier tama\u00f1o de proyecto, desde peque\u00f1as renovaciones minoristas hasta grandes proyectos de construcci\u00f3n. Tambi\u00e9n ofrecemos horarios de recolecci\u00f3n flexibles y servicios ecol\u00f3gicos, lo que garantiza que su empresa pueda deshacerse de sus desechos de manera eficiente y responsable.<\/p>\n<p>Adem\u00e1s, nuestro experto equipo de servicio al cliente est\u00e1 siempre disponible para responder cualquier pregunta que pueda tener sobre nuestros servicios comerciales de alquiler de contenedores de basura.<\/p>\n<p>Con Hercules Waste, puede confiar en que su proyecto se llevar\u00e1 a cabo de manera r\u00e1pida y profesional, mientras ayuda a mantener el sitio de construcci\u00f3n seguro en todo momento.<\/p>\t\t\t\t\t\t\t\t<\/div>\n\t\t\t\t<\/div>\n\t\t\t\t\t<\/div>\n\t\t<\/div>\n\t\t\t\t\t<\/div>\n\t\t<\/section>\n\t\t\t\t<\/div>","protected":false},"excerpt":{"rendered":"<p>We Provide Dumpsters for Commercial Projects At Hercules Waste, we understand the needs of businesses and know that commercial projects often require a reliable waste management solution. That&#8217;s why we offer dumpsters for commercial customers. Our dumpsters are available in every size to meet any project size, from small retail renovations to large construction projects. [&hellip;]<\/p>\n","protected":false},"author":1,"featured_media":0,"parent":10,"menu_order":0,"comment_status":"closed","ping_status":"closed","template":"","meta":{"_acf_changed":false,"_seopress_robots_primary_cat":"","_seopress_titles_title":"Reliable Commercial Dumpster Rental for All Your Project Needs","_seopress_titles_desc":"Hercules Waste offers dumpsters in every size for commercial projects. Our flexible pickup schedules and eco-friendly services ensure efficient waste management. Trust us to keep your construction site safe and your project taken care of professionally.","_seopress_robots_index":"","footnotes":""},"class_list":["post-301","page","type-page","status-publish","hentry"],"acf":[],"_links":{"self":[{"href":"https:\/\/herculeswaste.com\/es\/wp-json\/wp\/v2\/pages\/301","targetHints":{"allow":["GET"]}}],"collection":[{"href":"https:\/\/herculeswaste.com\/es\/wp-json\/wp\/v2\/pages"}],"about":[{"href":"https:\/\/herculeswaste.com\/es\/wp-json\/wp\/v2\/types\/page"}],"author":[{"embeddable":true,"href":"https:\/\/herculeswaste.com\/es\/wp-json\/wp\/v2\/users\/1"}],"replies":[{"embeddable":true,"href":"https:\/\/herculeswaste.com\/es\/wp-json\/wp\/v2\/comments?post=301"}],"version-history":[{"count":0,"href":"https:\/\/herculeswaste.com\/es\/wp-json\/wp\/v2\/pages\/301\/revisions"}],"up":[{"embeddable":true,"href":"https:\/\/herculeswaste.com\/es\/wp-json\/wp\/v2\/pages\/10"}],"wp:attachment":[{"href":"https:\/\/herculeswaste.com\/es\/wp-json\/wp\/v2\/media?parent=301"}],"curies":[{"name":"gracias","href":"https:\/\/api.w.org\/{rel}","templated":true}]}}