{"id":67,"date":"2021-08-16T22:22:41","date_gmt":"2021-08-16T22:22:41","guid":{"rendered":"https:\/\/herculeswaste.com\/?page_id=67"},"modified":"2021-08-17T21:13:52","modified_gmt":"2021-08-17T21:13:52","slug":"reformas-y-remodelaciones-de-viviendas","status":"publish","type":"page","link":"https:\/\/herculeswaste.com\/es\/usos-del-contenedor-de-basura\/reformas-y-remodelaciones-de-viviendas\/","title":{"rendered":"Renovaci\u00f3n y remodelaci\u00f3n de viviendas"},"content":{"rendered":"<p><br>Como propietario de una casa, puede sentirse tentado a desperdiciar dinero y evitar alquilar un contenedor de basura para el proyecto de remodelaci\u00f3n de su casa. \u00a1No lo hagas! Los contenedores de basura facilitar\u00e1n los proyectos de remodelaci\u00f3n del hogar porque:<\/p>\n\n\n\n<p>\u2013 Ahorre tiempo al permitir que la basura se coloque en un contenedor de basura en lugar de esparcirse por el patio, el garaje o incluso por todo el proyecto.<\/p>\n\n\n\n<p>\u2013 Ocultar la basura de la vista del p\u00fablico.<\/p>\n\n\n\n<p>\u2013 Proporcione seguridad manteniendo a las mascotas y ni\u00f1os peque\u00f1os fuera de la basura.<\/p>\n\n\n\n<p>\u2013 Haga que sea m\u00e1s f\u00e1cil mantenerse al d\u00eda con el ritmo de su proyecto utilizando un contenedor de basura conveniente para todo, en lugar de clasificar las pilas de basura a diario y hacer viajes frecuentes a un vertedero o estaci\u00f3n de transferencia.<\/p>\n\n\n\n<p>\u2013 Proporcionar una sensaci\u00f3n de orden y facilitar la gesti\u00f3n del \u00e1rea del proyecto.<\/p>\n\n\n\n<p>\u2013 Facilitar la retirada de materiales sobrantes, tales como: muebles, electrodom\u00e9sticos, puertas y armarios.<\/p>\n\n\n\n<p>\u2013 Permitir una limpieza m\u00e1s f\u00e1cil despu\u00e9s de que se complete el proyecto.<\/p>\n\n\n\n<p>tambi\u00e9n proporcionamos<a href=\"\/es\/junk-removal\/\" data-type=\"URL\" data-id=\"\/junk-removal\/\"> servicios de eliminaci\u00f3n de chatarra<\/a>. Entonces, durante su proyecto, preg\u00fantenos acerca de nuestros <a href=\"\/es\/junk-removal\/\" data-type=\"URL\" data-id=\"\/junk-removal\/\">servicios de limpieza<\/a> y podemos mantener su proyecto en marcha limpiando los escombros.<\/p>","protected":false},"excerpt":{"rendered":"<p>As a homeowner, you may be tempted to waste money and skip renting a dumpster for your home remodel project. Don&#8217;t do it! Dumpsters will make home remodeling projects easier because they: &#8211; Save time by allowing the trash to be placed in a contained dumpster instead of spreading across yard, garage, or even throughout [&hellip;]<\/p>\n","protected":false},"author":1,"featured_media":0,"parent":10,"menu_order":0,"comment_status":"closed","ping_status":"closed","template":"","meta":{"_acf_changed":false,"_seopress_robots_primary_cat":"","_seopress_titles_title":"Why Renting a Dumpster is Essential for Home Remodel Projects","_seopress_titles_desc":"Don&#039;t waste money and time on a messy remodel! Renting a dumpster saves time, provides safety, and makes cleanup a breeze. Ask us about our cleanout services!","_seopress_robots_index":"","footnotes":""},"class_list":["post-67","page","type-page","status-publish","hentry"],"acf":[],"_links":{"self":[{"href":"https:\/\/herculeswaste.com\/es\/wp-json\/wp\/v2\/pages\/67","targetHints":{"allow":["GET"]}}],"collection":[{"href":"https:\/\/herculeswaste.com\/es\/wp-json\/wp\/v2\/pages"}],"about":[{"href":"https:\/\/herculeswaste.com\/es\/wp-json\/wp\/v2\/types\/page"}],"author":[{"embeddable":true,"href":"https:\/\/herculeswaste.com\/es\/wp-json\/wp\/v2\/users\/1"}],"replies":[{"embeddable":true,"href":"https:\/\/herculeswaste.com\/es\/wp-json\/wp\/v2\/comments?post=67"}],"version-history":[{"count":0,"href":"https:\/\/herculeswaste.com\/es\/wp-json\/wp\/v2\/pages\/67\/revisions"}],"up":[{"embeddable":true,"href":"https:\/\/herculeswaste.com\/es\/wp-json\/wp\/v2\/pages\/10"}],"wp:attachment":[{"href":"https:\/\/herculeswaste.com\/es\/wp-json\/wp\/v2\/media?parent=67"}],"curies":[{"name":"gracias","href":"https:\/\/api.w.org\/{rel}","templated":true}]}}