{"id":68,"date":"2021-08-16T22:22:59","date_gmt":"2021-08-16T22:22:59","guid":{"rendered":"https:\/\/herculeswaste.com\/?page_id=68"},"modified":"2021-08-17T22:44:32","modified_gmt":"2021-08-17T22:44:32","slug":"limpieza-de-oficinas","status":"publish","type":"page","link":"https:\/\/herculeswaste.com\/es\/usos-del-contenedor-de-basura\/limpieza-de-oficinas\/","title":{"rendered":"Limpieza de oficinas"},"content":{"rendered":"<h2 class=\"ql-align-center\">\u00bfDESHACERSE DE TODA LA BASURA?. \u00a1LO HACEMOS POR TI!<\/h2>\r\n<p class=\"ql-align-center\">Servicios de limpieza de espacios de oficinas comerciales...<strong>\u00bfCANSADO DE MIRAR UN ESPACIO DE OFICINA O ALMAC\u00c9N DESORDENADO?\u00a0<\/strong> Es posible que no tenga el tiempo, el equipo o la mano de obra para abordar una limpieza comercial a gran escala o una limpieza de almac\u00e9n. Como especialistas en limpieza de oficinas o eliminaci\u00f3n de basura de almac\u00e9n, tenemos mucha experiencia en la eliminaci\u00f3n de basura y podemos hacer su proyecto de limpieza de espacios comerciales de manera profesional y a un precio asequible.<\/p>\r\n<h2 class=\"ql-align-center\">LO QUE NUESTRO EQUIPO PROFESIONAL DE LIMPIEZA DE OFICINAS PUEDE HACER POR USTED<\/h2>\r\n<p class=\"ql-align-center\"><strong>Retiro de muebles Servicios de limpieza de oficinas Limpieza completa de oficinas\/almacenes Organizaci\u00f3n de espacios de oficina y almacenes Servicios de empaque de oficinas Limpieza comercial Empaque completo de contenido Cuando necesite ayuda con los servicios de limpieza de oficinas, puede recurrir a nuestro equipo para obtener ayuda. Nuestro servicio orientado al cliente est\u00e1 dise\u00f1ado para proporcionar una soluci\u00f3n que se adapte a sus necesidades espec\u00edficas. Estamos disponibles tanto para clientes residenciales como comerciales, lo que significa que ya sea que tenga un apartamento de dos habitaciones o un edificio de varias oficinas, podemos ayudarlo con su proyecto de limpieza.<\/strong><\/p>\r\n<p class=\"ql-align-center\"><strong>Con nuestros servicios de limpieza de oficinas podemos:<\/strong> Limpiar oficinas, almacenes y tiendas minoristas Mover muebles Eliminar basura, escombros y art\u00edculos no deseados Organizar y purificar el espacio que acabamos de limpiar en un edificio de oficinas o almac\u00e9n utilizable Brindarle un presupuesto para todas nuestras tareas<\/p>\r\n<p class=\"ql-align-center\">Nuestro servicio orientado al cliente est\u00e1 dise\u00f1ado para proporcionar una soluci\u00f3n que se adapte a sus necesidades espec\u00edficas.<\/p>","protected":false},"excerpt":{"rendered":"<p>GET RID OF ALL THE JUNK?. WE DO IT FOR YOU! Commercial Office Space Cleanup Services &#8230;TIRED OF LOOKING AT A MESSY OFFICE SPACE OR WAREHOUSE?\u00a0 You may not have the time, equipment or manpower to tackle a large-scale business cleanout or warehouse cleanup. As the office cleanout or warehouse junk removal specialists, we have [&hellip;]<\/p>\n","protected":false},"author":1,"featured_media":0,"parent":10,"menu_order":0,"comment_status":"closed","ping_status":"closed","template":"","meta":{"_acf_changed":false,"_seopress_robots_primary_cat":"","_seopress_titles_title":"Professional Office Clean Out Services | Get Rid of All the Junk","_seopress_titles_desc":"Tired of looking at a messy office space or warehouse? Let our professional team clean out and organize your commercial space at an affordable price. Get rid of all the junk with our office cleanout services today!","_seopress_robots_index":"","footnotes":""},"class_list":["post-68","page","type-page","status-publish","hentry"],"acf":[],"_links":{"self":[{"href":"https:\/\/herculeswaste.com\/es\/wp-json\/wp\/v2\/pages\/68","targetHints":{"allow":["GET"]}}],"collection":[{"href":"https:\/\/herculeswaste.com\/es\/wp-json\/wp\/v2\/pages"}],"about":[{"href":"https:\/\/herculeswaste.com\/es\/wp-json\/wp\/v2\/types\/page"}],"author":[{"embeddable":true,"href":"https:\/\/herculeswaste.com\/es\/wp-json\/wp\/v2\/users\/1"}],"replies":[{"embeddable":true,"href":"https:\/\/herculeswaste.com\/es\/wp-json\/wp\/v2\/comments?post=68"}],"version-history":[{"count":0,"href":"https:\/\/herculeswaste.com\/es\/wp-json\/wp\/v2\/pages\/68\/revisions"}],"up":[{"embeddable":true,"href":"https:\/\/herculeswaste.com\/es\/wp-json\/wp\/v2\/pages\/10"}],"wp:attachment":[{"href":"https:\/\/herculeswaste.com\/es\/wp-json\/wp\/v2\/media?parent=68"}],"curies":[{"name":"gracias","href":"https:\/\/api.w.org\/{rel}","templated":true}]}}